{"id":720,"date":"2020-03-09T10:35:24","date_gmt":"2020-03-09T10:35:24","guid":{"rendered":"https:\/\/count-them.at\/?page_id=720"},"modified":"2020-05-28T10:06:53","modified_gmt":"2020-05-28T10:06:53","slug":"pr","status":"publish","type":"page","link":"https:\/\/count-them.at\/index.php\/pr\/","title":{"rendered":"PR"},"content":{"rendered":"<div id=\"pl-720\"  class=\"panel-layout\" ><div id=\"pg-720-0\"  class=\"panel-grid panel-no-style\" ><div id=\"pgc-720-0-0\"  class=\"panel-grid-cell\" ><div id=\"panel-720-0-0-0\" class=\"so-panel widget widget_sow-editor panel-first-child panel-last-child\" data-index=\"0\" ><div class=\"panel-widget-style panel-widget-style-for-720-0-0-0\" ><div\n\t\t\t\n\t\t\tclass=\"so-widget-sow-editor so-widget-sow-editor-base\"\n\t\t\t\n\t\t><h3 class=\"widget-title\">\"count-them\" - Preise und Angebote<\/h3>\n<div class=\"siteorigin-widget-tinymce textwidget\">\n\t<p>(English) <\/p>\n<h3><\/h3>\n<h3>\"count-them\" - Preise und Angebote<\/h3>\n<p><span style=\"color: #999999;\">Abwicklung \u00fcber das <span style=\"color: #00ccff;\"><a style=\"color: #00ccff;\" href=\"https:\/\/www.prosoftconsult.at\/shop\">Webshop<\/a><\/span> der<span style=\"color: #00ccff;\"> <a style=\"color: #00ccff;\" href=\"https:\/\/www.prosoftconsult.at\"><em>Prosoft S\u00fcd Consulting GmbH<\/em><\/a><\/span><\/span><\/p>\n<p><span style=\"color: #ff6600;\">Preisliste 20\/1 von 20.5.2020, alle Preise inkl. 20% Ust<\/span><\/p>\n<h5><span style=\"color: #ff0000;\">!! COVID-19-Aktion !! <\/span><\/h5>\n<h5><span style=\"color: #ff0000;\">bis auf weiteres 1\u00a0<strong> MONAT Basis-Z\u00e4hlzeit<\/strong> statt 1 Woche !<\/span><\/h5>\n<p>&nbsp;<\/p>\n<h4>~~~~~~~~~~~~~~~~~~~~~~~~~~~~~~~~~~~~<br \/>\nNEUANLAGE von Z\u00e4hlpunkten und usern<br \/>\n~~~~~~~~~~~~~~~~~~~~~~~~~~~~~~~~~~~~<\/h4>\n<h5>Artikel 10010 Eigener \"count-them\" Z\u00e4hler<\/h5>\n<p>Anlegen eines neuen exklusiven Z\u00e4hlpunktes sowie 3 Benutzeraccounts:<br \/>\n1 Account mit \"Manager\"-Rechten, 1 Account mit \"Z\u00e4hl\"-Erlaubnis, 1 Account mit\u00a0 \"Lese\"-Erlaubnis.<\/p>\n<p>Die Zuordnung eines Z\u00e4hlers (Z\u00e4hlernummer) erfolgt vom System.<br \/>\nEs kann eine 10 stellige Zusatzbezeichnung zur besseren Unterscheidung<br \/>\nbei der Bestellung angegeben werden, die dann an die Z\u00e4hlernummer angeh\u00e4ngt wird.<\/p>\n<ul>\n<li>Anlegen und Bereitstellen eines eigenen \"count-them\"-Z\u00e4hlers<\/li>\n<li>optionale Zuordnung zu einer Gruppe<\/li>\n<li>Anlegen und Bereitstellung von 3 User-Zug\u00e4ngen:\n<ul>\n<li>1 Userzugang mit Manager-Rechnten<\/li>\n<li>1 Userzugang mit Z\u00e4hl-Rechten<\/li>\n<li>1 Userzugang mit Leserechten<\/li>\n<\/ul>\n<\/li>\n<li>Aktivierung der Z\u00e4hlfunktion f\u00fcr die Basis-Z\u00e4hlzeit (siehe auch Covid-19-Aktion)<\/li>\n<li>Einsatzbereit ab der Bereitstellung<\/li>\n<li>Z\u00e4hlpunkt bleibt mindstens 6 Monate verf\u00fcgbar auch wenn keine Z\u00e4hlfunktionen ausgef\u00fchrt werden<\/li>\n<\/ul>\n<h5>Preis: ab EUR 50,00\u00a0 - einfach und bequem buchen \u00fcber unser <a href=\"https:\/\/www.prosoftconsult.at\/shop\/product-category\/count-them\/\">WEBSHOP<\/a><\/h5>\n<h4><\/h4>\n<h4>~~~~~~~~~~~~~~~~~~~~~~~~~~~~~~~~~~~~<\/h4>\n<h5>Artikel 10021, 10022 Zus\u00e4tzlicher Anwender<\/h5>\n<p>Anlegen zus\u00e4tzlicher Anwenderzug\u00e4nge mit \"Z\u00e4hler\" oder \"Leser\" - funktion zu einem BESTEHENDEN Z\u00e4hlpunkt.<\/p>\n<ul>\n<li>Anlegen und Bereitstellen eines Userzugangs mit dem entsprechenden Rechten<\/li>\n<li>Zuordnung zu einem vorgegebenen \"count-them\" - Z\u00e4hlpunkt\n<ul>\n<li>1 Erzeugung und \u00dcbermittlung der Zugangsdaten<\/li>\n<\/ul>\n<\/li>\n<li>Aktivierung der Z\u00e4hlfunktion f\u00fcr die Basis-Z\u00e4hlzeit (siehe auch Covid-19-Aktion)<\/li>\n<li>Starttag der Z\u00e4hlfunktion w\u00e4hlbar<\/li>\n<\/ul>\n<h5>Preis: ab EUR 10,00\u00a0 - einfach und bequem buchen \u00fcber unser <a href=\"https:\/\/www.prosoftconsult.at\/shop\/product-category\/count-them\/\">WEBSHOP<\/a><\/h5>\n<h5><\/h5>\n<h3>~~~~~~~~~~~~~~~~~~~~~~~<br \/>\nNachkauf von Z\u00e4hlzeiten<br \/>\n~~~~~~~~~~~~~~~~~~~~~~~<\/h3>\n<h5>Artikel 20010 Zus\u00e4tzliche Z\u00e4hlzeiten<\/h5>\n<p>Nach Ablauf der Basis-Z\u00e4hlzeit beim Einrichten des Z\u00e4hlers, k\u00f6nnen weitere \"Z\u00e4hlzeiten\"<\/p>\n<p>nachgekauft werden. Diese Zeiten gelten f\u00fcr alle auf dem jeweiligen \"count-them\"-Z\u00e4hler zugeordneten<\/p>\n<p>Benutzern. (\"Manager\", \"Z\u00e4hler\" und \"Leser\")<\/p>\n<ul>\n<li style=\"list-style-type: none;\">\n<ul>\n<li>Einrichtung entsprechender Aktivierungszeiten<\/li>\n<li>Vorbuchungen m\u00f6glich<\/li>\n<li>Starttag frei w\u00e4hlbar<\/li>\n<li>Periode Woche, Monat, HalbJahr, Jahr<\/li>\n<li>Z\u00e4hlperiode jeweils von 00.00 des Starttages bis 24:00 am letzten Tag der Periode<\/li>\n<li>Woche = 7 Tage, Monat = 31 Tage,\u00a0 HalbJahr=6 Monate, Jahr = 365 Tage<\/li>\n<li>Mengenrabatte verf\u00fcgbar<\/li>\n<\/ul>\n<\/li>\n<\/ul>\n<h5>Preis: ab EUR 15,00 (Woche) - einfach und bequem buchen \u00fcber unser <a href=\"https:\/\/www.prosoftconsult.at\/shop\/product-category\/count-them\/\">WEBSHOP<\/a><\/h5>\n<h4><\/h4>\n<h4>~~~~~~~~~~~~~~~~~~~~~~~~~~~~~~~~~~~~<br \/>\nSONDERFUNKTIONEN<br \/>\n~~~~~~~~~~~~~~~~~~~~~~~~~~~~~~~~~~~~<\/h4>\n<h5>Artikel 30010 Live-Link f\u00fcr eigene Homepage-Einbettung<\/h5>\n<p>Die Live-Link Einbettung erm\u00f6glicht die Einbettung des aktuellen Z\u00e4hlerstandes in die eigene Homepage des Unternehmens (Gesch\u00e4ft, Kaufpark, Sportanlage, Kirche,etc.).<\/p>\n<p>Der Z\u00e4hlerstand wird mit dem Datum\/Zeitpunkt der letzten \u00c4nderung dargestellt.<\/p>\n<p>Die Darstellung des aktuelle Z\u00e4hlerstandes kann \u00fcber eine Funktion in den Einstellungen durch den Manager des Count-Them-Z\u00e4hlers aktiviert und deaktiviert werden.<\/p>\n<ul>\n<li style=\"list-style-type: none;\">\n<ul>\n<li>Einrichtung eines entsprechenden Live-Links zum jeweiligen Count-Them Z\u00e4hlers (Die Einbindung auf der Kundenhomepage erfolgt Kundenseitig !)<\/li>\n<li>Darstellung kann durch den Manager ein\/ausgeschaltet werden<\/li>\n<li>G\u00fcltigkeitsdauer 1 Jahr<\/li>\n<li>\u00dcbermittlung des Links als Mail an den Inhaber des Manager \u2013Accounts<\/li>\n<li>Gilt f\u00fcr Count-Them Z\u00e4hler des Kunden<\/li>\n<\/ul>\n<\/li>\n<\/ul>\n<h5>Preis: auf Anfrage - einfach und bequem \u00fcber unser <a href=\"https:\/\/count-them.at\/index.php\/contact\/\">Kontaktformular<\/a><\/h5>\n<h4><\/h4>\n<h4>~~~~~~~~~~~~~~~~~~~~~~~~~~~~~~~~~~~~<\/h4>\n<h5><strong>Artikel 30020 Darstellung des\/der Z\u00e4hlerst\u00e4nde auf einer elektronischen Karte<\/strong><\/h5>\n<p>Der\/Die Count-Them-Z\u00e4hler werden einer Geokoordinate zugeordnet und die Darstellung auf einer elektronischen Karte aktiviert. \u00dcber den Manager Zugang kann dann eine elektronische Landkarte mit dem bzw. den aktuellen Z\u00e4hlerst\u00e4nden aufgerufen werden. Im Live-Link (wenn gebucht) wird die Geokoordinate ebenfalls mitgesendet und kann damit auch auf der eigenen Homepage eingebunden werden.<\/p>\n<p>Leistungen:<\/p>\n<ul>\n<li style=\"list-style-type: none;\">\n<ul>\n<li>Einrichtung und Verortung des Count \u2013 Them- Z\u00e4hlers auf einer elektronischen Karte<\/li>\n<li>Kann f\u00fcr ein oder mehreren dem Kunden zugeordneten Count-Them Z\u00e4hler gebucht werden<\/li>\n<li>Aktivierung der Funktion \u201eKartendarstellung\u201c f\u00fcr den Manager-Account des \/ der Z\u00e4hler<\/li>\n<li>Erweiterung von aktuell oder gleichzeitig mitgebuchter \u00a0Live-Links um die Geokoordinate(n) des \/ der Count-Them Z\u00e4hler (Die Einbindung auf der Kundenhomepage erfolgt Kundenseitig !)<\/li>\n<li>G\u00fcltigkeitsdauer 1 Jahr<\/li>\n<li>\u00dcbermittlung des Links als Mail an den Inhaber des Manager -Accounts<\/li>\n<\/ul>\n<\/li>\n<\/ul>\n<h5>Preis: auf Anfrage - einfach und bequem \u00fcber unser <a href=\"https:\/\/count-them.at\/index.php\/contact\/\">Kontaktformular<\/a><\/h5>\n<h4><\/h4>\n<h4>~~~~~~~~~~~~~~~~~~~~~~~~~~~~~~~~<br \/>\nGro\u00dfkunden und Sonderfunktionen<br \/>\n~~~~~~~~~~~~~~~~~~~~~~~~~~~~~~~~<\/h4>\n<p>Sonderkonditionen f\u00fcr Gro\u00dfkunden und Mengenrabatte -<\/p>\n<p>Sie ben\u00f6tigen eine Sonderfunktion, Anzeige, Auswertung ?<\/p>\n<p>nutzen Sie bitte unser \u00a0\u00a0<a href=\"https:\/\/count-them.at\/index.php\/contact\/\">Kontaktformular<\/a><\/p>\n<\/p>\n\n<div class=\"wpcf7 no-js\" id=\"wpcf7-f276-o1\" lang=\"en-US\" dir=\"ltr\" data-wpcf7-id=\"276\">\n<div class=\"screen-reader-response\"><p role=\"status\" aria-live=\"polite\" aria-atomic=\"true\"><\/p> <ul><\/ul><\/div>\n<form action=\"\/index.php\/wp-json\/wp\/v2\/pages\/720#wpcf7-f276-o1\" method=\"post\" class=\"wpcf7-form init\" aria-label=\"Contact form\" novalidate=\"novalidate\" data-status=\"init\">\n<fieldset class=\"hidden-fields-container\"><input type=\"hidden\" name=\"_wpcf7\" value=\"276\" \/><input type=\"hidden\" name=\"_wpcf7_version\" value=\"6.1.5\" \/><input type=\"hidden\" name=\"_wpcf7_locale\" value=\"en_US\" \/><input type=\"hidden\" name=\"_wpcf7_unit_tag\" value=\"wpcf7-f276-o1\" \/><input type=\"hidden\" name=\"_wpcf7_container_post\" value=\"0\" \/><input type=\"hidden\" name=\"_wpcf7_posted_data_hash\" value=\"\" \/>\n<\/fieldset>\n<p>Anfrage\n<\/p>\n<p><label> Name (required) <span class=\"wpcf7-form-control-wrap\" data-name=\"your-name\"><input size=\"40\" maxlength=\"400\" class=\"wpcf7-form-control wpcf7-text wpcf7-validates-as-required\" aria-required=\"true\" aria-invalid=\"false\" value=\"\" type=\"text\" name=\"your-name\" \/><\/span> <\/label><br \/>\n<label> Email (required) <span class=\"wpcf7-form-control-wrap\" data-name=\"your-email\"><input size=\"40\" maxlength=\"400\" class=\"wpcf7-form-control wpcf7-email wpcf7-validates-as-required wpcf7-text wpcf7-validates-as-email\" aria-required=\"true\" aria-invalid=\"false\" value=\"\" type=\"email\" name=\"your-email\" \/><\/span> <\/label>\n<\/p>\n<p><label> Betreff (required) <span class=\"wpcf7-form-control-wrap\" data-name=\"your-subject\"><input size=\"40\" maxlength=\"400\" class=\"wpcf7-form-control wpcf7-text\" aria-invalid=\"false\" value=\"\" type=\"text\" name=\"your-subject\" \/><\/span> <\/label>\n<\/p>\n<p>Ich ersuche um Anbot f\u00fcr:\n<\/p>\n<p><span class=\"wpcf7-form-control-wrap\" data-name=\"radio-921\"><span class=\"wpcf7-form-control wpcf7-radio\"><span class=\"wpcf7-list-item first\"><input type=\"radio\" name=\"radio-921\" value=\"ARTIKEL 10010: die Einrichtung eines NEUEN Z\u00e4hlpunkts\" checked=\"checked\" \/><span class=\"wpcf7-list-item-label\">ARTIKEL 10010: die Einrichtung eines NEUEN Z\u00e4hlpunkts<\/span><\/span><span class=\"wpcf7-list-item\"><input type=\"radio\" name=\"radio-921\" value=\"ARTIKEL 10021: die Einrichtung eines weiteren Users mit Z\u00e4hl-Berechtigung\" \/><span class=\"wpcf7-list-item-label\">ARTIKEL 10021: die Einrichtung eines weiteren Users mit Z\u00e4hl-Berechtigung<\/span><\/span><span class=\"wpcf7-list-item\"><input type=\"radio\" name=\"radio-921\" value=\"ARTIKEL 10022: die einrichtung eines weiteren Users mit Lese-Berechtigung\" \/><span class=\"wpcf7-list-item-label\">ARTIKEL 10022: die einrichtung eines weiteren Users mit Lese-Berechtigung<\/span><\/span><span class=\"wpcf7-list-item\"><input type=\"radio\" name=\"radio-921\" value=\"ARTIKEL 20010: weiteres Z\u00e4hlzeitkontigent der 3 Hauptuser (Z\u00e4hlpunktId unten)\" \/><span class=\"wpcf7-list-item-label\">ARTIKEL 20010: weiteres Z\u00e4hlzeitkontigent der 3 Hauptuser (Z\u00e4hlpunktId unten)<\/span><\/span><span class=\"wpcf7-list-item\"><input type=\"radio\" name=\"radio-921\" value=\"ARTIKEL 20011: weiteres Z\u00e4hlzeitkontigent f\u00fcr Zusatzuser mit Z\u00e4hl-Rechten (Z\u00e4hlpunktID unten)\" \/><span class=\"wpcf7-list-item-label\">ARTIKEL 20011: weiteres Z\u00e4hlzeitkontigent f\u00fcr Zusatzuser mit Z\u00e4hl-Rechten (Z\u00e4hlpunktID unten)<\/span><\/span><span class=\"wpcf7-list-item\"><input type=\"radio\" name=\"radio-921\" value=\"ARTIKEL 20012: weiteres Z\u00e4hlzeitkontigent von Zusatzusern mit Lese-Rechten (Z\u00e4hlpunktID unten)\" \/><span class=\"wpcf7-list-item-label\">ARTIKEL 20012: weiteres Z\u00e4hlzeitkontigent von Zusatzusern mit Lese-Rechten (Z\u00e4hlpunktID unten)<\/span><\/span><span class=\"wpcf7-list-item last\"><input type=\"radio\" name=\"radio-921\" value=\"spezielles Anbot\" \/><span class=\"wpcf7-list-item-label\">spezielles Anbot<\/span><\/span><\/span><\/span>\n<\/p>\n<p>~~~~~~~~~~~~~~~<br \/>\nIhre Nachricht<br \/>\n<label> <span class=\"wpcf7-form-control-wrap\" data-name=\"your-msg\"><textarea cols=\"40\" rows=\"10\" maxlength=\"2000\" class=\"wpcf7-form-control wpcf7-textarea\" aria-invalid=\"false\" name=\"your-msg\"><\/textarea><\/span> <\/label><br \/>\nSpamschutz: (Bitte geben Sie nachfolgende Buchstaben ein)<br \/>\n<input type=\"hidden\" name=\"_wpcf7_captcha_challenge_your-captcha\" value=\"2176957154\" \/><img loading=\"lazy\" decoding=\"async\" class=\"wpcf7-form-control wpcf7-captchac wpcf7-captcha-your-captcha\" width=\"84\" height=\"28\" alt=\"captcha\" src=\"https:\/\/count-them.at\/wp-content\/uploads\/wpcf7_captcha\/2176957154.png\" \/><br \/>\n<span class=\"wpcf7-form-control-wrap\" data-name=\"your-captcha\"><input size=\"40\" maxlength=\"40\" class=\"wpcf7-form-control wpcf7-captchar\" autocomplete=\"off\" aria-invalid=\"false\" value=\"\" type=\"text\" name=\"your-captcha\" \/><\/span><br \/>\n<input class=\"wpcf7-form-control wpcf7-submit has-spinner\" type=\"submit\" value=\"Senden\" \/>\n<\/p><p style=\"display: none !important;\" class=\"akismet-fields-container\" data-prefix=\"_wpcf7_ak_\"><label>&#916;<textarea name=\"_wpcf7_ak_hp_textarea\" cols=\"45\" rows=\"8\" maxlength=\"100\"><\/textarea><\/label><input type=\"hidden\" id=\"ak_js_1\" name=\"_wpcf7_ak_js\" value=\"28\"\/><script type=\"text\/javascript\">\n\/* <![CDATA[ *\/\ndocument.getElementById( \"ak_js_1\" ).setAttribute( \"value\", ( new Date() ).getTime() );\n\/* ]]> *\/\n<\/script>\n<\/p><div class=\"wpcf7-response-output\" aria-hidden=\"true\"><\/div>\n<\/form>\n<\/div>\n\n<p>&nbsp;<\/p>\n<p>&nbsp;<\/p>\n<\/div>\n<\/div><\/div><\/div><\/div><\/div><\/div>","protected":false},"excerpt":{"rendered":"<p>(English) &#8222;count-them&#8220; &#8211; Preise und Angebote Abwicklung \u00fcber das Webshop der Prosoft S\u00fcd Consulting GmbH Preisliste 20\/1 von 20.5.2020, alle Preise inkl. 20% Ust !! COVID-19-Aktion !! bis auf weiteres 1\u00a0 MONAT Basis-Z\u00e4hlzeit statt 1 Woche ! &nbsp; ~~~~~~~~~~~~~~~~~~~~~~~~~~~~~~~~~~~~ NEUANLAGE von Z\u00e4hlpunkten und usern ~~~~~~~~~~~~~~~~~~~~~~~~~~~~~~~~~~~~ Artikel 10010 Eigener &#8222;count-them&#8220; Z\u00e4hler <a href=\"https:\/\/count-them.at\/index.php\/pr\/\" class=\"more-link\">Read More<\/a><\/p>\n","protected":false},"author":1,"featured_media":0,"parent":0,"menu_order":0,"comment_status":"closed","ping_status":"closed","template":"tpl-full-width.php","meta":{"footnotes":""},"class_list":["post-720","page","type-page","status-publish","hentry"],"_links":{"self":[{"href":"https:\/\/count-them.at\/index.php\/wp-json\/wp\/v2\/pages\/720","targetHints":{"allow":["GET"]}}],"collection":[{"href":"https:\/\/count-them.at\/index.php\/wp-json\/wp\/v2\/pages"}],"about":[{"href":"https:\/\/count-them.at\/index.php\/wp-json\/wp\/v2\/types\/page"}],"author":[{"embeddable":true,"href":"https:\/\/count-them.at\/index.php\/wp-json\/wp\/v2\/users\/1"}],"replies":[{"embeddable":true,"href":"https:\/\/count-them.at\/index.php\/wp-json\/wp\/v2\/comments?post=720"}],"version-history":[{"count":32,"href":"https:\/\/count-them.at\/index.php\/wp-json\/wp\/v2\/pages\/720\/revisions"}],"predecessor-version":[{"id":966,"href":"https:\/\/count-them.at\/index.php\/wp-json\/wp\/v2\/pages\/720\/revisions\/966"}],"wp:attachment":[{"href":"https:\/\/count-them.at\/index.php\/wp-json\/wp\/v2\/media?parent=720"}],"curies":[{"name":"wp","href":"https:\/\/api.w.org\/{rel}","templated":true}]}}