{"id":10,"date":"2018-01-12T07:50:11","date_gmt":"2018-01-12T07:50:11","guid":{"rendered":"http:\/\/demo.wenthemes.com\/surya-chandra-lite\/?page_id=10"},"modified":"2020-06-02T15:41:00","modified_gmt":"2020-06-02T15:41:00","slug":"technik","status":"publish","type":"page","link":"https:\/\/count-them.at\/index.php\/technik\/","title":{"rendered":"&#8220;COUNT-THEM&#8220; &#8211; Technik"},"content":{"rendered":"<div id=\"pl-10\"  class=\"panel-layout\" ><div id=\"pg-10-0\"  class=\"panel-grid panel-no-style\" ><div id=\"pgc-10-0-0\"  class=\"panel-grid-cell\" ><div id=\"panel-10-0-0-0\" class=\"so-panel widget widget_sow-editor panel-first-child panel-last-child\" data-index=\"0\" ><div\n\t\t\t\n\t\t\tclass=\"so-widget-sow-editor so-widget-sow-editor-base\"\n\t\t\t\n\t\t><h3 class=\"widget-title\">\"Count-Them\" Technik<\/h3>\n<div class=\"siteorigin-widget-tinymce textwidget\">\n\t<\/p>\n<p><img loading=\"lazy\" decoding=\"async\" class=\"wp-image-825 alignleft\" src=\"https:\/\/count-them.at\/wp-content\/uploads\/2020\/05\/Struktur-300x225.jpg\" alt=\"\" width=\"414\" height=\"311\" srcset=\"https:\/\/count-them.at\/wp-content\/uploads\/2020\/05\/Struktur-300x225.jpg 300w, https:\/\/count-them.at\/wp-content\/uploads\/2020\/05\/Struktur-768x576.jpg 768w, https:\/\/count-them.at\/wp-content\/uploads\/2020\/05\/Struktur.jpg 960w\" sizes=\"auto, (max-width: 414px) 100vw, 414px\" \/><\/p>\n<p><strong>\"COUNT-THEM\"<\/strong> stellt dem Anwender einen \u00fcber einen Internet Browser zug\u00e4nglichen Z\u00e4hler bereit.<\/p>\n<p>Dieser Z\u00e4hler kann von mehreren Stellen gleichzeitig erh\u00f6ht oder verringert werden. Dies erfolgt \u00fcber die Weboberfl\u00e4che von <strong>\"COUNT-THEM\"<\/strong> nach dem erfolgreichen Einloggen.<\/p>\n<p>Der aktuelle Z\u00e4hlerstand ist jederzeit im Browserfenster von jedem eingeloggten und dem Z\u00e4hler zugeordneten User sichtbar.<\/p>\n<p>Gr\u00f6\u00dfere Bereiche mit weiter auseinanderliegenden Ein- und Ausg\u00e4ngen k\u00f6nnen daher unabh\u00e4ngig voneinander beobachtet werden.<\/p>\n<p>Die <strong>\"COUNT-THEM\"<\/strong>-Seite kann auch von einem PC aus aufgerufen werden und von dort mitbeobachtet und mitgez\u00e4hlt werden.<\/p>\n<p>Die Daten bleiben am Server in einem gesicherten \u00f6sterreichischen Datencenter und sind auch f\u00fcr weitere Analysen verf\u00fcgbar.<\/p>\n<h5><\/h5>\n<h5><\/h5>\n<h5>Datenschutz:<em><strong><img loading=\"lazy\" decoding=\"async\" class=\"size-medium wp-image-798 alignright\" src=\"https:\/\/count-them.at\/wp-content\/uploads\/2020\/05\/scr_tm2-204x300.jpg\" alt=\"\" width=\"204\" height=\"300\" srcset=\"https:\/\/count-them.at\/wp-content\/uploads\/2020\/05\/scr_tm2-204x300.jpg 204w, https:\/\/count-them.at\/wp-content\/uploads\/2020\/05\/scr_tm2.jpg 463w\" sizes=\"auto, (max-width: 204px) 100vw, 204px\" \/><\/strong><\/em><\/h5>\n<p>Jeder <strong>\"COUNT-THEM-\"Z\u00e4hler<\/strong> ist dem Kunden exklusiv zugeordnet und gegen den Zugriff durch Unbefugte gesichert.<\/p>\n<h6>Kunden und Benutzer:<\/h6>\n<p>Jedem <strong>\"COUNT-THEM-\"Z\u00e4hler<\/strong> sind zumindest 3 Anwender (Benutzer) zugeordnet, deren Rechte die Art des Zugriffs auf den Z\u00e4hler bestimmen: \"Manager\", \"Z\u00e4hler\" und \"Leser\".<\/p>\n<ul>\n<li>der Benutzer mit den Management-Rechten (<strong>\"Manager\"<\/strong>) kann den <strong>Z\u00e4hlerstand ver\u00e4ndern<\/strong> und <strong>r\u00fccksetzen<\/strong>, <strong>Limits<\/strong> einstellen und weitere <strong>Optionen<\/strong> aufrufen - Dies ist meist der Kunde selber<\/li>\n<li>der Benutzer mit den Z\u00e4hlrechten(<strong>\"Z\u00e4hler\"<\/strong>) kann den <strong>Z\u00e4hlerstand ver\u00e4ndern<\/strong>, jedoch keine \u00c4nderungen herbeif\u00fchren - dies k\u00f6nnen Mitarbeiter sein, die die Z\u00e4hlung vor Ort \u00fcbernehmen<\/li>\n<li>der Benutzer mit den Leserechten(\"<strong>Leser<\/strong>\") Rechten kann den <strong>Z\u00e4hlerstand abfragen<\/strong>, aber nicht eingreifen - kann kann z.B. im Backoffice-Bereich zur Anwendung kommen, um die aktuelle Anzahl der Personen im Gesch\u00e4ft oder am Areal jederzeit mitlesen zu k\u00f6nnen.<\/li>\n<\/ul>\n<p>So kann der Einsatz der genau den Bed\u00fcrfnissen angepasst werden.<\/p>\n<p><img loading=\"lazy\" decoding=\"async\" class=\"alignnone wp-image-801\" src=\"https:\/\/count-them.at\/wp-content\/uploads\/2020\/05\/Screenshot_20200519-131251_Samsung-Internet-169x300.jpg\" alt=\"\" width=\"113\" height=\"200\" srcset=\"https:\/\/count-them.at\/wp-content\/uploads\/2020\/05\/Screenshot_20200519-131251_Samsung-Internet-169x300.jpg 169w, https:\/\/count-them.at\/wp-content\/uploads\/2020\/05\/Screenshot_20200519-131251_Samsung-Internet-576x1024.jpg 576w, https:\/\/count-them.at\/wp-content\/uploads\/2020\/05\/Screenshot_20200519-131251_Samsung-Internet.jpg 720w\" sizes=\"auto, (max-width: 113px) 100vw, 113px\" \/>\u00a0 <img loading=\"lazy\" decoding=\"async\" class=\"alignnone wp-image-804\" src=\"https:\/\/count-them.at\/wp-content\/uploads\/2020\/05\/Screenshot_20200519-131404_Samsung-Internet-169x300.jpg\" alt=\"\" width=\"113\" height=\"200\" srcset=\"https:\/\/count-them.at\/wp-content\/uploads\/2020\/05\/Screenshot_20200519-131404_Samsung-Internet-169x300.jpg 169w, https:\/\/count-them.at\/wp-content\/uploads\/2020\/05\/Screenshot_20200519-131404_Samsung-Internet-576x1024.jpg 576w, https:\/\/count-them.at\/wp-content\/uploads\/2020\/05\/Screenshot_20200519-131404_Samsung-Internet.jpg 720w\" sizes=\"auto, (max-width: 113px) 100vw, 113px\" \/>\u00a0 <img loading=\"lazy\" decoding=\"async\" class=\"alignnone wp-image-800\" src=\"https:\/\/count-them.at\/wp-content\/uploads\/2020\/05\/scr_tz2-202x300.jpg\" alt=\"\" width=\"135\" height=\"200\" srcset=\"https:\/\/count-them.at\/wp-content\/uploads\/2020\/05\/scr_tz2-202x300.jpg 202w, https:\/\/count-them.at\/wp-content\/uploads\/2020\/05\/scr_tz2.jpg 461w\" sizes=\"auto, (max-width: 135px) 100vw, 135px\" \/>\u00a0 <img loading=\"lazy\" decoding=\"async\" class=\"alignnone wp-image-795\" src=\"https:\/\/count-them.at\/wp-content\/uploads\/2020\/05\/scr_TL1-201x300.jpg\" alt=\"\" width=\"134\" height=\"200\" srcset=\"https:\/\/count-them.at\/wp-content\/uploads\/2020\/05\/scr_TL1-201x300.jpg 201w, https:\/\/count-them.at\/wp-content\/uploads\/2020\/05\/scr_TL1.jpg 459w\" sizes=\"auto, (max-width: 134px) 100vw, 134px\" \/>\u00a0 <img loading=\"lazy\" decoding=\"async\" class=\"alignnone wp-image-799\" src=\"https:\/\/count-them.at\/wp-content\/uploads\/2020\/05\/scr_tz1-201x300.jpg\" alt=\"\" width=\"134\" height=\"200\" srcset=\"https:\/\/count-them.at\/wp-content\/uploads\/2020\/05\/scr_tz1-201x300.jpg 201w, https:\/\/count-them.at\/wp-content\/uploads\/2020\/05\/scr_tz1.jpg 458w\" sizes=\"auto, (max-width: 134px) 100vw, 134px\" \/>\u00a0 <img loading=\"lazy\" decoding=\"async\" class=\"alignnone wp-image-806\" src=\"https:\/\/count-them.at\/wp-content\/uploads\/2020\/05\/Screenshot_20200519-131455_Samsung-Internet-169x300.jpg\" alt=\"\" width=\"113\" height=\"201\" srcset=\"https:\/\/count-them.at\/wp-content\/uploads\/2020\/05\/Screenshot_20200519-131455_Samsung-Internet-169x300.jpg 169w, https:\/\/count-them.at\/wp-content\/uploads\/2020\/05\/Screenshot_20200519-131455_Samsung-Internet-576x1024.jpg 576w, https:\/\/count-them.at\/wp-content\/uploads\/2020\/05\/Screenshot_20200519-131455_Samsung-Internet.jpg 720w\" sizes=\"auto, (max-width: 113px) 100vw, 113px\" \/><\/p>\n<p>&nbsp;<\/p>\n<h6>Z\u00e4hlperioden:<\/h6>\n<p>Der <strong>\"COUNT-THEM\"-Z\u00e4hler<\/strong> bleibt dem Kunden exklusiv zugeordnet. Mit der Buchung dieses Z\u00e4hlers wird dieser erstmalig f\u00fcr einen bestimmte Zeitbereich (mindestens 1 Woche) zum Z\u00e4hlen freigeschaltet. Nach Ablauf dieser Dauer k\u00f6nnen jedoch weitere Z\u00e4hlperioden bezogen werden. Diese sind in Zeitbereichen in der L\u00e4nge von <strong>Wochen<\/strong> oder <strong>Monaten<\/strong> verf\u00fcgbar und k\u00f6nnen an jedem beliebigen Tag der Woche beginnen. So k\u00f6nnen auch schon Zeitbereiche in der Zukunft vorab gebucht und reserviert werden. Die bereits erhobenen Daten bleiben f\u00fcr den Kunden mit seinem Management-Rechten(<strong>\"Manager\"<\/strong>) zug\u00e4ngig. Genaue Preise und Angebote sind in der aktuell g\u00fcltigen Preisliste ersichtlich.<\/p>\n<h6><\/h6>\n<h6>Weitere \"COUNT-THEM\"-Z\u00e4hler:<\/h6>\n<p>Ein Kunde kann auch seine bereits angelegen Z\u00e4hler jederzeit erweitern. Jeder weitere Z\u00e4hler kann entweder als einfache\u00a0 Erweiterung zu den existierenden Z\u00e4hlern und Benutzern eingerichtet werden, oder auch komplett unabh\u00e4ngig, als neuer <strong>\"COUNT-THEM\"-Z\u00e4hler. <\/strong>\u00a0Im ersteren Fall k\u00f6nnen die bereits angelegten Benutzern auf den neuen Z\u00e4hler zugreifen werden und dem Benutzer werden nach dem erfolgreichen Login automatisch alle Z\u00e4hler zur Auswahl angeboten. Mit dieser Option kann <strong>\"COUNT-THEM\"<\/strong> \u00fcbersichtliche Gruppen erstellen und \u00f6ffnet damit umfassender Analyse- und Auswertem\u00f6glichkeiten (z.B. \u00dcbersicht \u00fcber Anwesende in den Gesch\u00e4ften einer Kette, Kirchen, u.a.)<\/p>\n<h6><\/h6>\n<h6><\/h6>\n<h6>Analysen und Optionen:<\/h6>\n<p>\"Count-Them\" bietet schon jetzt mehrere Funktionen:<\/p>\n<p><strong>Standard Funktionen :<br \/>\n<\/strong><\/p>\n<ul>\n<li><img loading=\"lazy\" decoding=\"async\" class=\" wp-image-797 alignleft\" src=\"https:\/\/count-them.at\/wp-content\/uploads\/2020\/05\/scr_tm1-202x300.jpg\" alt=\"\" width=\"217\" height=\"322\" srcset=\"https:\/\/count-them.at\/wp-content\/uploads\/2020\/05\/scr_tm1-202x300.jpg 202w, https:\/\/count-them.at\/wp-content\/uploads\/2020\/05\/scr_tm1.jpg 457w\" sizes=\"auto, (max-width: 217px) 100vw, 217px\" \/><strong>Limit-Funktion<\/strong>: durch den \"Manager\" kann ein Minimal und ein Maximalwert vorgegeben werden. Dieser wird dann kontinuierlich mit dem aktuellen Z\u00e4hlerstand abgeglichen. Liegt dieser au\u00dferhalb, dann erfolgt eine Warnung am Display (\"^\", \"V\"),<\/li>\n<li><strong>Vibrations- und Soundeffekt<\/strong>: Ton und Vibrationseffekt des Mobilger\u00e4tes unterst\u00fctzen die Z\u00e4hlfunktion auch unter \"Stress\",<\/li>\n<\/ul>\n<p>&nbsp;<\/p>\n<p><strong>Weitere Optionen<\/strong> (auf Anfrage) verf\u00fcgbar:<\/p>\n<ul>\n<li><strong>Gruppen\u00fcbersicht der aktuellen Daten<\/strong>: Die Z\u00e4hlerst\u00e4nde aller in einer Gruppe zusammengefasster Z\u00e4hler stellt \"COUNT-THEM\" dem Anwender \u00fcber die Manager Funktion in tabellarischer und grafischer Form zur Verf\u00fcgung,<\/li>\n<li><strong>Historische Entwicklungen<\/strong>: Chronologische Entwicklung des Z\u00e4hlerstandes pro <strong>\"COUNT-THEM\"-Z\u00e4hler<\/strong> und Zeit<\/li>\n<\/ul>\n<p>&nbsp;<\/p>\n<p><span style=\"color: #3366ff;\">Der Kreis der Funktionen wird st\u00e4ndig erweitert ..<\/span><\/p>\n<\/p>\n<p>&nbsp;<\/p>\n<p>&nbsp;<\/p>\n<\/div>\n<\/div><\/div><\/div><\/div><\/div>","protected":false},"excerpt":{"rendered":"<p>&#8222;COUNT-THEM&#8220; stellt dem Anwender einen \u00fcber einen Internet Browser zug\u00e4nglichen Z\u00e4hler bereit. Dieser Z\u00e4hler kann von mehreren Stellen gleichzeitig erh\u00f6ht oder verringert werden. Dies erfolgt \u00fcber die Weboberfl\u00e4che von &#8222;COUNT-THEM&#8220; nach dem erfolgreichen Einloggen. Der aktuelle Z\u00e4hlerstand ist jederzeit im Browserfenster von jedem eingeloggten und dem Z\u00e4hler zugeordneten User sichtbar. <a href=\"https:\/\/count-them.at\/index.php\/technik\/\" class=\"more-link\">Read More<\/a><\/p>\n","protected":false},"author":1,"featured_media":0,"parent":0,"menu_order":0,"comment_status":"closed","ping_status":"closed","template":"tpl-full-width.php","meta":{"footnotes":""},"class_list":["post-10","page","type-page","status-publish","hentry"],"_links":{"self":[{"href":"https:\/\/count-them.at\/index.php\/wp-json\/wp\/v2\/pages\/10","targetHints":{"allow":["GET"]}}],"collection":[{"href":"https:\/\/count-them.at\/index.php\/wp-json\/wp\/v2\/pages"}],"about":[{"href":"https:\/\/count-them.at\/index.php\/wp-json\/wp\/v2\/types\/page"}],"author":[{"embeddable":true,"href":"https:\/\/count-them.at\/index.php\/wp-json\/wp\/v2\/users\/1"}],"replies":[{"embeddable":true,"href":"https:\/\/count-them.at\/index.php\/wp-json\/wp\/v2\/comments?post=10"}],"version-history":[{"count":37,"href":"https:\/\/count-them.at\/index.php\/wp-json\/wp\/v2\/pages\/10\/revisions"}],"predecessor-version":[{"id":997,"href":"https:\/\/count-them.at\/index.php\/wp-json\/wp\/v2\/pages\/10\/revisions\/997"}],"wp:attachment":[{"href":"https:\/\/count-them.at\/index.php\/wp-json\/wp\/v2\/media?parent=10"}],"curies":[{"name":"wp","href":"https:\/\/api.w.org\/{rel}","templated":true}]}}